{"id":6,"date":"2026-01-10T16:16:35","date_gmt":"2026-01-10T16:16:35","guid":{"rendered":"http:\/\/tragaperras-tragamonedas.net\/index.php\/contacte-con-nosotros\/"},"modified":"2026-01-10T16:16:35","modified_gmt":"2026-01-10T16:16:35","slug":"contacte-con-nosotros","status":"publish","type":"page","link":"https:\/\/www.tragaperras-tragamonedas.net\/index.php\/contacte-con-nosotros\/","title":{"rendered":"Contacte con nosotros"},"content":{"rendered":"<p>Redactor jefe: An\u00edbal Pintado<br \/>Gerente: Alejandro R\u00edos<br \/>Escritor: Ana Guti\u00e9rrez<br \/>Autor: Romina Escalante<br \/>Periodista: Felipe M\u00e9ndez<\/p>\n<\/p>\n<p>Calle de Felipe IV, 3, 28014 Madrid, Spain<br \/>redactor@tragaperras-tragamonedas.net<\/p>\n","protected":false},"excerpt":{"rendered":"<p>Redactor jefe: An\u00edbal PintadoGerente: Alejandro R\u00edosEscritor: Ana Guti\u00e9rrezAutor: Romina EscalantePeriodista: Felipe M\u00e9ndez Calle de Felipe IV, 3, 28014 Madrid, Spainredactor@tragaperras-tragamonedas.net<\/p>\n","protected":false},"author":0,"featured_media":0,"parent":0,"menu_order":0,"comment_status":"closed","ping_status":"closed","template":"","meta":{"footnotes":""},"class_list":["post-6","page","type-page","status-publish","hentry"],"_links":{"self":[{"href":"https:\/\/www.tragaperras-tragamonedas.net\/index.php\/wp-json\/wp\/v2\/pages\/6","targetHints":{"allow":["GET"]}}],"collection":[{"href":"https:\/\/www.tragaperras-tragamonedas.net\/index.php\/wp-json\/wp\/v2\/pages"}],"about":[{"href":"https:\/\/www.tragaperras-tragamonedas.net\/index.php\/wp-json\/wp\/v2\/types\/page"}],"replies":[{"embeddable":true,"href":"https:\/\/www.tragaperras-tragamonedas.net\/index.php\/wp-json\/wp\/v2\/comments?post=6"}],"version-history":[{"count":0,"href":"https:\/\/www.tragaperras-tragamonedas.net\/index.php\/wp-json\/wp\/v2\/pages\/6\/revisions"}],"wp:attachment":[{"href":"https:\/\/www.tragaperras-tragamonedas.net\/index.php\/wp-json\/wp\/v2\/media?parent=6"}],"curies":[{"name":"wp","href":"https:\/\/api.w.org\/{rel}","templated":true}]}}